{"id":174,"date":"2026-02-15T18:39:12","date_gmt":"2026-02-15T17:39:12","guid":{"rendered":"https:\/\/vivien.co.hu\/?page_id=174"},"modified":"2026-03-01T09:34:42","modified_gmt":"2026-03-01T08:34:42","slug":"about","status":"publish","type":"page","link":"https:\/\/vivien.co.hu\/?page_id=174","title":{"rendered":"&#8230;About&#8230;"},"content":{"rendered":"<p data-start=\"101\" data-end=\"316\"><img loading=\"lazy\" decoding=\"async\" class=\"size-medium wp-image-186 alignleft\" src=\"https:\/\/vivien.co.hu\/wp-content\/uploads\/2026\/03\/pinkblackjpg-e1772354026686-206x300.jpg\" alt=\"\" width=\"206\" height=\"300\" srcset=\"https:\/\/vivien.co.hu\/wp-content\/uploads\/2026\/03\/pinkblackjpg-e1772354026686-206x300.jpg 206w, https:\/\/vivien.co.hu\/wp-content\/uploads\/2026\/03\/pinkblackjpg-e1772354026686-702x1024.jpg 702w, https:\/\/vivien.co.hu\/wp-content\/uploads\/2026\/03\/pinkblackjpg-e1772354026686.jpg 736w\" sizes=\"auto, (max-width: 206px) 100vw, 206px\" \/> Mindig is \u00e9rdekelt, hogyan m\u0171k\u00f6d\u00fcnk bel\u00fclr\u0151l: mi mozgat benn\u00fcnket, hogyan d\u00f6nt\u00fcnk, \u00e9s mit\u0151l \u00e9rezz\u00fck magunkat val\u00f3ban rendben a saj\u00e1t \u00e9let\u00fcnkben. Sz\u00e1momra az \u00f6nismeret nem elm\u00e9let, hanem folyamatos, tudatos figyelem.<\/p>\n<p data-start=\"318\" data-end=\"655\">Tudatosan \u00e9s rendszerszinten gondolkodom magamr\u00f3l \u00e9s a vil\u00e1gr\u00f3l. Sz\u00e1momra az igazs\u00e1g az els\u0151dleges \u00e9rt\u00e9k, ezt k\u00f6veti az \u00e9rzelem, majd a hat\u00e9konys\u00e1g \u2013 b\u00e1r munk\u00e1ban a sorrend \u00e1trendez\u0151dik, ott a teljes\u00edtm\u00e9ny \u00e9s a struktur\u00e1lts\u00e1g ker\u00fcl el\u0151t\u00e9rbe. Feladatorient\u00e1lt vagyok, \u00e9s akkor \u00e9rzem magam igaz\u00e1n nyugodtnak, ha lez\u00e1rtam, amit elterveztem.<\/p>\n<p data-start=\"657\" data-end=\"979\">A kapcsolataimban szelekt\u00edv vagyok: nem a mennyis\u00e9g, hanem a min\u0151s\u00e9g sz\u00e1m\u00edt. Csak azoknak ny\u00edlok meg igaz\u00e1n, akikben megb\u00edzom, \u00e9s akiket m\u00e9lt\u00f3nak \u00e9rzek arra, hogy a gyeng\u00e9bb oldalamat is l\u00e1ss\u00e1k. Fontos sz\u00e1momra az \u00e9rzelmi \u00e9rz\u00e9kenys\u00e9g \u00e9s az emberi finoms\u00e1g, m\u00e9g akkor is, ha id\u0151nk\u00e9nt az igazs\u00e1g kimond\u00e1sa konfliktussal j\u00e1r.<\/p>\n<p data-start=\"981\" data-end=\"1230\" data-is-last-node=\"\" data-is-only-node=\"\">Hiszek a tudatos m\u0171k\u00f6d\u00e9sben, az \u00f6nreflexi\u00f3ban \u00e9s abban, hogy a hat\u00e9konys\u00e1g \u00e9s az emberi m\u00e9lys\u00e9g nem z\u00e1rj\u00e1k ki egym\u00e1st. Az \u00e9letemben a strukt\u00fara biztons\u00e1got ad, de folyamatosan tanulom azt is, hogyan engedjem meg magamnak a pihen\u00e9st \u00e9s az egyens\u00falyt.<\/p>\n","protected":false},"excerpt":{"rendered":"<p>Mindig is \u00e9rdekelt, hogyan m\u0171k\u00f6d\u00fcnk bel\u00fclr\u0151l: mi mozgat benn\u00fcnket, hogyan d\u00f6nt\u00fcnk, \u00e9s mit\u0151l \u00e9rezz\u00fck magunkat val\u00f3ban rendben a saj\u00e1t \u00e9let\u00fcnkben. Sz\u00e1momra az \u00f6nismeret nem elm\u00e9let, hanem folyamatos, tudatos figyelem. Tudatosan \u00e9s rendszerszinten gondolkodom magamr\u00f3l \u00e9s a vil\u00e1gr\u00f3l. Sz\u00e1momra az igazs\u00e1g az els\u0151dleges \u00e9rt\u00e9k, ezt k\u00f6veti az \u00e9rzelem, majd a hat\u00e9konys\u00e1g \u2013 b\u00e1r munk\u00e1ban a sorrend \u00e1trendez\u0151dik, ott a teljes\u00edtm\u00e9ny \u00e9s a struktur\u00e1lts\u00e1g ker\u00fcl el\u0151t\u00e9rbe. Feladatorient\u00e1lt vagyok, \u00e9s akkor \u00e9rzem magam igaz\u00e1n nyugodtnak, ha lez\u00e1rtam, amit elterveztem. A kapcsolataimban szelekt\u00edv vagyok: nem a mennyis\u00e9g, hanem a min\u0151s\u00e9g sz\u00e1m\u00edt. Csak azoknak ny\u00edlok meg igaz\u00e1n, akikben megb\u00edzom, \u00e9s akiket m\u00e9lt\u00f3nak \u00e9rzek arra, hogy a gyeng\u00e9bb oldalamat is l\u00e1ss\u00e1k. Fontos sz\u00e1momra az \u00e9rzelmi \u00e9rz\u00e9kenys\u00e9g \u00e9s az emberi finoms\u00e1g, m\u00e9g akkor is, ha id\u0151nk\u00e9nt az igazs\u00e1g kimond\u00e1sa konfliktussal j\u00e1r. Hiszek a tudatos m\u0171k\u00f6d\u00e9sben, az \u00f6nreflexi\u00f3ban \u00e9s abban, hogy a hat\u00e9konys\u00e1g \u00e9s az emberi m\u00e9lys\u00e9g nem z\u00e1rj\u00e1k ki egym\u00e1st. Az \u00e9letemben a strukt\u00fara biztons\u00e1got ad, de folyamatosan tanulom azt is, hogyan engedjem meg magamnak a pihen\u00e9st \u00e9s az egyens\u00falyt.<\/p>\n","protected":false},"author":1,"featured_media":0,"parent":0,"menu_order":0,"comment_status":"closed","ping_status":"closed","template":"","meta":{"footnotes":""},"class_list":["post-174","page","type-page","status-publish","hentry"],"_links":{"self":[{"href":"https:\/\/vivien.co.hu\/index.php?rest_route=\/wp\/v2\/pages\/174","targetHints":{"allow":["GET"]}}],"collection":[{"href":"https:\/\/vivien.co.hu\/index.php?rest_route=\/wp\/v2\/pages"}],"about":[{"href":"https:\/\/vivien.co.hu\/index.php?rest_route=\/wp\/v2\/types\/page"}],"author":[{"embeddable":true,"href":"https:\/\/vivien.co.hu\/index.php?rest_route=\/wp\/v2\/users\/1"}],"replies":[{"embeddable":true,"href":"https:\/\/vivien.co.hu\/index.php?rest_route=%2Fwp%2Fv2%2Fcomments&post=174"}],"version-history":[{"count":4,"href":"https:\/\/vivien.co.hu\/index.php?rest_route=\/wp\/v2\/pages\/174\/revisions"}],"predecessor-version":[{"id":188,"href":"https:\/\/vivien.co.hu\/index.php?rest_route=\/wp\/v2\/pages\/174\/revisions\/188"}],"wp:attachment":[{"href":"https:\/\/vivien.co.hu\/index.php?rest_route=%2Fwp%2Fv2%2Fmedia&parent=174"}],"curies":[{"name":"wp","href":"https:\/\/api.w.org\/{rel}","templated":true}]}}